{"id":4279,"date":"2021-07-17T13:38:31","date_gmt":"2021-07-17T13:38:31","guid":{"rendered":"https:\/\/luismunozmarin.org\/?post_type=product&#038;p=4279"},"modified":"2025-05-09T02:05:29","modified_gmt":"2025-05-09T06:05:29","slug":"new-product-8","status":"publish","type":"product","link":"https:\/\/luismunozmarin.org\/en\/product\/new-product-8\/","title":{"rendered":"Veldolaguer\u00edas."},"content":{"rendered":"","protected":false},"excerpt":{"rendered":"<p><span data-sheets-value=\"{&quot;1&quot;:2,&quot;2&quot;:&quot;Esta biograf\u00eda de Velda Gonz\u00e1lez, escrita con amor y respeto por su hija Mirelsa, revela a las presentes y futuras generaciones a una extraordinaria mujer que reclam\u00f3 justicia y sirvi\u00f3 a los sectores marginados desde diversos escenarios a trav\u00e9s de su vida. Esta publicaci\u00f3n honra a quien fuera la voz de las mujeres puertorrique\u00f1as. Velda Gonz\u00e1lez, una conciencia libre, limpia y firme&quot;}\" data-sheets-userformat=\"{&quot;2&quot;:15359,&quot;3&quot;:{&quot;1&quot;:1},&quot;4&quot;:{&quot;1&quot;:2,&quot;2&quot;:16250870},&quot;5&quot;:{&quot;1&quot;:[{&quot;1&quot;:2,&quot;2&quot;:0,&quot;5&quot;:{&quot;1&quot;:2,&quot;2&quot;:13158600}},{&quot;1&quot;:0,&quot;2&quot;:0,&quot;3&quot;:3},{&quot;1&quot;:1,&quot;2&quot;:0,&quot;4&quot;:1}]},&quot;6&quot;:{&quot;1&quot;:[{&quot;1&quot;:2,&quot;2&quot;:0,&quot;5&quot;:{&quot;1&quot;:2,&quot;2&quot;:13158600}},{&quot;1&quot;:0,&quot;2&quot;:0,&quot;3&quot;:3},{&quot;1&quot;:1,&quot;2&quot;:0,&quot;4&quot;:1}]},&quot;7&quot;:{&quot;1&quot;:[{&quot;1&quot;:2,&quot;2&quot;:0,&quot;5&quot;:{&quot;1&quot;:2,&quot;2&quot;:13158600}},{&quot;1&quot;:0,&quot;2&quot;:0,&quot;3&quot;:3},{&quot;1&quot;:1,&quot;2&quot;:0,&quot;4&quot;:1}]},&quot;8&quot;:{&quot;1&quot;:[{&quot;1&quot;:2,&quot;2&quot;:0,&quot;5&quot;:{&quot;1&quot;:2,&quot;2&quot;:13158600}},{&quot;1&quot;:0,&quot;2&quot;:0,&quot;3&quot;:3},{&quot;1&quot;:1,&quot;2&quot;:0,&quot;4&quot;:1}]},&quot;9&quot;:1,&quot;10&quot;:0,&quot;11&quot;:4,&quot;12&quot;:2,&quot;14&quot;:{&quot;1&quot;:2,&quot;2&quot;:0},&quot;15&quot;:&quot;Times New Roman&quot;,&quot;16&quot;:13}\">Esta biograf\u00eda de Velda Gonz\u00e1lez, escrita con amor y respeto por su hija Mirelsa, revela a las presentes y futuras generaciones a una extraordinaria mujer que reclam\u00f3 justicia y sirvi\u00f3 a los sectores marginados desde diversos escenarios a trav\u00e9s de su vida. Esta publicaci\u00f3n honra a quien fuera la voz de las mujeres puertorrique\u00f1as. Velda Gonz\u00e1lez, una conciencia libre, limpia y firme<\/span><\/p>\n","protected":false},"featured_media":4404,"template":"","meta":{"inline_featured_image":false},"product_brand":[],"product_cat":[60],"product_tag":[],"class_list":{"0":"post-4279","1":"product","2":"type-product","3":"status-publish","4":"has-post-thumbnail","6":"product_cat-libros","7":"product_shipping_class-libros","9":"first","10":"instock","11":"purchasable","12":"product-type-simple"},"_links":{"self":[{"href":"https:\/\/luismunozmarin.org\/en\/wp-json\/wp\/v2\/product\/4279","targetHints":{"allow":["GET"]}}],"collection":[{"href":"https:\/\/luismunozmarin.org\/en\/wp-json\/wp\/v2\/product"}],"about":[{"href":"https:\/\/luismunozmarin.org\/en\/wp-json\/wp\/v2\/types\/product"}],"wp:featuredmedia":[{"embeddable":true,"href":"https:\/\/luismunozmarin.org\/en\/wp-json\/wp\/v2\/media\/4404"}],"wp:attachment":[{"href":"https:\/\/luismunozmarin.org\/en\/wp-json\/wp\/v2\/media?parent=4279"}],"wp:term":[{"taxonomy":"product_brand","embeddable":true,"href":"https:\/\/luismunozmarin.org\/en\/wp-json\/wp\/v2\/product_brand?post=4279"},{"taxonomy":"product_cat","embeddable":true,"href":"https:\/\/luismunozmarin.org\/en\/wp-json\/wp\/v2\/product_cat?post=4279"},{"taxonomy":"product_tag","embeddable":true,"href":"https:\/\/luismunozmarin.org\/en\/wp-json\/wp\/v2\/product_tag?post=4279"}],"curies":[{"name":"wp","href":"https:\/\/api.w.org\/{rel}","templated":true}]}}