{"id":4307,"date":"2021-07-19T09:35:48","date_gmt":"2021-07-19T09:35:48","guid":{"rendered":"https:\/\/luismunozmarin.org\/?post_type=product&#038;p=4307"},"modified":"2025-11-14T15:04:44","modified_gmt":"2025-11-14T19:04:44","slug":"new-product-14","status":"publish","type":"product","link":"https:\/\/luismunozmarin.org\/en\/product\/new-product-14\/","title":{"rendered":"Escultura religiosa puertorrique\u00f1a."},"content":{"rendered":"","protected":false},"excerpt":{"rendered":"<p><span data-sheets-value=\"{&quot;1&quot;:2,&quot;2&quot;:&quot;Explora la historia y el desarrollo de la escultura religiosa puertorrique\u00f1a con la ayuda de magn\u00edficas fotograf\u00edas en color.\\n&quot;}\" data-sheets-userformat=\"{&quot;2&quot;:15359,&quot;3&quot;:{&quot;1&quot;:1},&quot;4&quot;:{&quot;1&quot;:2,&quot;2&quot;:16250870},&quot;5&quot;:{&quot;1&quot;:[{&quot;1&quot;:2,&quot;2&quot;:0,&quot;5&quot;:{&quot;1&quot;:2,&quot;2&quot;:13158600}},{&quot;1&quot;:0,&quot;2&quot;:0,&quot;3&quot;:3},{&quot;1&quot;:1,&quot;2&quot;:0,&quot;4&quot;:1}]},&quot;6&quot;:{&quot;1&quot;:[{&quot;1&quot;:2,&quot;2&quot;:0,&quot;5&quot;:{&quot;1&quot;:2,&quot;2&quot;:13158600}},{&quot;1&quot;:0,&quot;2&quot;:0,&quot;3&quot;:3},{&quot;1&quot;:1,&quot;2&quot;:0,&quot;4&quot;:1}]},&quot;7&quot;:{&quot;1&quot;:[{&quot;1&quot;:2,&quot;2&quot;:0,&quot;5&quot;:{&quot;1&quot;:2,&quot;2&quot;:13158600}},{&quot;1&quot;:0,&quot;2&quot;:0,&quot;3&quot;:3},{&quot;1&quot;:1,&quot;2&quot;:0,&quot;4&quot;:1}]},&quot;8&quot;:{&quot;1&quot;:[{&quot;1&quot;:2,&quot;2&quot;:0,&quot;5&quot;:{&quot;1&quot;:2,&quot;2&quot;:13158600}},{&quot;1&quot;:0,&quot;2&quot;:0,&quot;3&quot;:3},{&quot;1&quot;:1,&quot;2&quot;:0,&quot;4&quot;:1}]},&quot;9&quot;:1,&quot;10&quot;:2,&quot;11&quot;:4,&quot;12&quot;:2,&quot;14&quot;:{&quot;1&quot;:2,&quot;2&quot;:2105636},&quot;15&quot;:&quot;Times New Roman&quot;,&quot;16&quot;:13}\">Explora la historia y el desarrollo de la escultura religiosa puertorrique\u00f1a con la ayuda de magn\u00edficas fotograf\u00edas en color.<br \/><\/span><\/p>\n","protected":false},"featured_media":4414,"template":"","meta":{"inline_featured_image":false},"product_brand":[],"product_cat":[60],"product_tag":[],"class_list":{"0":"post-4307","1":"product","2":"type-product","3":"status-publish","4":"has-post-thumbnail","6":"product_cat-libros","7":"product_shipping_class-libros","9":"first","10":"instock","11":"purchasable","12":"product-type-simple"},"_links":{"self":[{"href":"https:\/\/luismunozmarin.org\/en\/wp-json\/wp\/v2\/product\/4307","targetHints":{"allow":["GET"]}}],"collection":[{"href":"https:\/\/luismunozmarin.org\/en\/wp-json\/wp\/v2\/product"}],"about":[{"href":"https:\/\/luismunozmarin.org\/en\/wp-json\/wp\/v2\/types\/product"}],"wp:featuredmedia":[{"embeddable":true,"href":"https:\/\/luismunozmarin.org\/en\/wp-json\/wp\/v2\/media\/4414"}],"wp:attachment":[{"href":"https:\/\/luismunozmarin.org\/en\/wp-json\/wp\/v2\/media?parent=4307"}],"wp:term":[{"taxonomy":"product_brand","embeddable":true,"href":"https:\/\/luismunozmarin.org\/en\/wp-json\/wp\/v2\/product_brand?post=4307"},{"taxonomy":"product_cat","embeddable":true,"href":"https:\/\/luismunozmarin.org\/en\/wp-json\/wp\/v2\/product_cat?post=4307"},{"taxonomy":"product_tag","embeddable":true,"href":"https:\/\/luismunozmarin.org\/en\/wp-json\/wp\/v2\/product_tag?post=4307"}],"curies":[{"name":"wp","href":"https:\/\/api.w.org\/{rel}","templated":true}]}}