{"id":4308,"date":"2021-07-19T09:35:48","date_gmt":"2021-07-19T09:35:48","guid":{"rendered":"https:\/\/luismunozmarin.org\/?post_type=product&#038;p=4308"},"modified":"2025-05-09T02:02:18","modified_gmt":"2025-05-09T06:02:18","slug":"new-product-13","status":"publish","type":"product","link":"https:\/\/luismunozmarin.org\/en\/product\/new-product-13\/","title":{"rendered":"Puerto Rico y el Caribe: Frontera de la Guerra Fr\u00eda"},"content":{"rendered":"","protected":false},"excerpt":{"rendered":"<p><span data-sheets-value=\"{&quot;1&quot;:2,&quot;2&quot;:&quot;Desde 1958 hasta 1965, la regi\u00f3n del Caribe se convirti\u00f3 en una l\u00ednea de frente o nueva frontera en la Guerra Fr\u00eda y en el escenario de dram\u00e1ticos eventos pol\u00edticos que todav\u00eda repercuten en el presente. La Revoluci\u00f3n Cubana de 1959 y la Crisis de los Misiles en 1961, un evento que llev\u00f3 al mundo al borde del desastre at\u00f3mico, son emblem\u00e1ticos de este per\u00edodo. Este momento de crisis y cambio pol\u00edtico ha sido abordado de manera convencional y estrecho como una expresi\u00f3n principalmente de las relaciones Cuba-Estados Unidos, y se centr\u00f3 en la decisi\u00f3n de Cuba de alinearse con la Uni\u00f3n Sovi\u00e9tica. El tema de la Guerra Fr\u00eda es un t\u00f3pico que cada vez m\u00e1s tiene inter\u00e9s en los estudios hist\u00f3ricos en los Estados Unidos y en el mundo. En esta publicaci\u00f3n reproducimos las charlas de los doctores Alvarez Curbelo y Rodr\u00edguez V\u00e1zquez. Adem\u00e1s se incluye  la charla de los profesores Rumar Rol\u00f3n y Yanelba Mota quienes exploran la potencialidad del desarrollo de m\u00f3dulos educativos usando como base la Guerra Fr\u00eda en Puerto Rico y el Caribe y su aplicaci\u00f3n y alineamiento con los est\u00e1ndares educativos y el curr\u00edculo escolar. Adem\u00e1s, se incluyen ejemplos de m\u00f3dulos educativos realizados por estos educadores que guiar\u00e1n a los maestros en el desarrollo de actividades educativas y m\u00f3dulos que podr\u00e1n utilizar en el sal\u00f3n de clases. Esta publicaci\u00f3n es subvencionada por la Fundaci\u00f3n Puertorrique\u00f1a de las Humanidades y el National Endowment for the Humanities.&quot;}\" data-sheets-userformat=\"{&quot;2&quot;:14845,&quot;3&quot;:{&quot;1&quot;:1},&quot;5&quot;:{&quot;1&quot;:[{&quot;1&quot;:2,&quot;2&quot;:0,&quot;5&quot;:{&quot;1&quot;:2,&quot;2&quot;:13158600}},{&quot;1&quot;:0,&quot;2&quot;:0,&quot;3&quot;:3},{&quot;1&quot;:1,&quot;2&quot;:0,&quot;4&quot;:1}]},&quot;6&quot;:{&quot;1&quot;:[{&quot;1&quot;:2,&quot;2&quot;:0,&quot;5&quot;:{&quot;1&quot;:2,&quot;2&quot;:13158600}},{&quot;1&quot;:0,&quot;2&quot;:0,&quot;3&quot;:3},{&quot;1&quot;:1,&quot;2&quot;:0,&quot;4&quot;:1}]},&quot;7&quot;:{&quot;1&quot;:[{&quot;1&quot;:2,&quot;2&quot;:0,&quot;5&quot;:{&quot;1&quot;:2,&quot;2&quot;:13158600}},{&quot;1&quot;:0,&quot;2&quot;:0,&quot;3&quot;:3},{&quot;1&quot;:1,&quot;2&quot;:0,&quot;4&quot;:1}]},&quot;8&quot;:{&quot;1&quot;:[{&quot;1&quot;:2,&quot;2&quot;:0,&quot;5&quot;:{&quot;1&quot;:2,&quot;2&quot;:13158600}},{&quot;1&quot;:0,&quot;2&quot;:0,&quot;3&quot;:3},{&quot;1&quot;:1,&quot;2&quot;:0,&quot;4&quot;:1}]},&quot;9&quot;:1,&quot;10&quot;:0,&quot;11&quot;:4,&quot;14&quot;:{&quot;1&quot;:2,&quot;2&quot;:0},&quot;15&quot;:&quot;Times New Roman&quot;,&quot;16&quot;:13}\" data-sheets-textstyleruns=\"{&quot;1&quot;:0,&quot;2&quot;:{&quot;2&quot;:{&quot;1&quot;:2,&quot;2&quot;:0},&quot;3&quot;:&quot;Times New Roman&quot;,&quot;4&quot;:12}}\uee10{&quot;1&quot;:600,&quot;2&quot;:{&quot;2&quot;:{&quot;1&quot;:2,&quot;2&quot;:0},&quot;3&quot;:&quot;Times New Roman&quot;,&quot;4&quot;:12}}\uee10{&quot;1&quot;:733,&quot;2&quot;:{&quot;2&quot;:{&quot;1&quot;:2,&quot;2&quot;:0},&quot;3&quot;:&quot;Times New Roman&quot;,&quot;4&quot;:12}}\uee10{&quot;1&quot;:734,&quot;2&quot;:{&quot;2&quot;:{&quot;1&quot;:2,&quot;2&quot;:0},&quot;3&quot;:&quot;Times New Roman&quot;,&quot;4&quot;:12}}\uee10{&quot;1&quot;:851,&quot;2&quot;:{&quot;2&quot;:{&quot;1&quot;:2,&quot;2&quot;:0},&quot;3&quot;:&quot;Times New Roman&quot;,&quot;4&quot;:12}}\">Desde 1958 hasta 1965, la regi\u00f3n del Caribe se convirti\u00f3 en una l\u00ednea de frente o nueva frontera en la Guerra Fr\u00eda y en el escenario de dram\u00e1ticos eventos pol\u00edticos que todav\u00eda repercuten en el presente. La Revoluci\u00f3n Cubana de 1959 y la Crisis de los Misiles en 1961, un evento que llev\u00f3 al mundo al borde del desastre at\u00f3mico, son emblem\u00e1ticos de este per\u00edodo. Este momento de crisis y cambio pol\u00edtico ha sido abordado de manera convencional y estrecho como una expresi\u00f3n principalmente de las relaciones Cuba-Estados Unidos, y se centr\u00f3 en la decisi\u00f3n de Cuba de alinearse con la Uni\u00f3n Sovi\u00e9tica. El tema de la Guerra Fr\u00eda es un t\u00f3pico que cada vez m\u00e1s tiene inter\u00e9s en los estudios hist\u00f3ricos en los Estados Unidos y en el mundo. En esta publicaci\u00f3n reproducimos las charlas de los doctores Alvarez Curbelo y Rodr\u00edguez V\u00e1zquez. Adem\u00e1s se incluye la charla de los profesores Rumar Rol\u00f3n y Yanelba Mota quienes exploran la potencialidad del desarrollo de m\u00f3dulos educativos usando como base la Guerra Fr\u00eda en Puerto Rico y el Caribe y su aplicaci\u00f3n y alineamiento con los est\u00e1ndares educativos y el curr\u00edculo escolar. Adem\u00e1s, se incluyen ejemplos de m\u00f3dulos educativos realizados por estos educadores que guiar\u00e1n a los maestros en el desarrollo de actividades educativas y m\u00f3dulos que podr\u00e1n utilizar en el sal\u00f3n de clases. Esta publicaci\u00f3n es subvencionada por la Fundaci\u00f3n Puertorrique\u00f1a de las Humanidades y el National Endowment for the Humanities.<\/span><\/p>\n","protected":false},"featured_media":4415,"template":"","meta":{"inline_featured_image":false},"product_brand":[],"product_cat":[60],"product_tag":[],"class_list":{"0":"post-4308","1":"product","2":"type-product","3":"status-publish","4":"has-post-thumbnail","6":"product_cat-libros","7":"product_shipping_class-libros","9":"first","10":"instock","11":"purchasable","12":"product-type-simple"},"_links":{"self":[{"href":"https:\/\/luismunozmarin.org\/en\/wp-json\/wp\/v2\/product\/4308","targetHints":{"allow":["GET"]}}],"collection":[{"href":"https:\/\/luismunozmarin.org\/en\/wp-json\/wp\/v2\/product"}],"about":[{"href":"https:\/\/luismunozmarin.org\/en\/wp-json\/wp\/v2\/types\/product"}],"wp:featuredmedia":[{"embeddable":true,"href":"https:\/\/luismunozmarin.org\/en\/wp-json\/wp\/v2\/media\/4415"}],"wp:attachment":[{"href":"https:\/\/luismunozmarin.org\/en\/wp-json\/wp\/v2\/media?parent=4308"}],"wp:term":[{"taxonomy":"product_brand","embeddable":true,"href":"https:\/\/luismunozmarin.org\/en\/wp-json\/wp\/v2\/product_brand?post=4308"},{"taxonomy":"product_cat","embeddable":true,"href":"https:\/\/luismunozmarin.org\/en\/wp-json\/wp\/v2\/product_cat?post=4308"},{"taxonomy":"product_tag","embeddable":true,"href":"https:\/\/luismunozmarin.org\/en\/wp-json\/wp\/v2\/product_tag?post=4308"}],"curies":[{"name":"wp","href":"https:\/\/api.w.org\/{rel}","templated":true}]}}