{"id":4310,"date":"2021-07-19T09:35:48","date_gmt":"2021-07-19T09:35:48","guid":{"rendered":"https:\/\/luismunozmarin.org\/?post_type=product&#038;p=4310"},"modified":"2025-05-09T02:01:42","modified_gmt":"2025-05-09T06:01:42","slug":"new-product-3","status":"publish","type":"product","link":"https:\/\/luismunozmarin.org\/en\/product\/new-product-3\/","title":{"rendered":"El control de la naturaleza mediante la palabra en la tradici\u00f3n puertorrique\u00f1a."},"content":{"rendered":"","protected":false},"excerpt":{"rendered":"<p><span data-sheets-value=\"{&quot;1&quot;:2,&quot;2&quot;:&quot;El empleo de la palabra con animo de influir en las fuerzas de la naturaleza y repelar las perturbaciones atmosf\u00e9ricas en un aspecto de la cultura popular puertorrique\u00f1a que encierra particular inter\u00e9s y significaci\u00f3n. Este libro se dedica a la colecci\u00f3n de oraciones, ensalmos y conjuros del rico repertorio borincano de tradiciones orales, as\u00ed tambi\u00e9n como una muestra de objetos relacionados a estos sortilegios de la colecci\u00f3n particular de Teodoro Vidal. &quot;}\" data-sheets-userformat=\"{&quot;2&quot;:14845,&quot;3&quot;:{&quot;1&quot;:1},&quot;5&quot;:{&quot;1&quot;:[{&quot;1&quot;:2,&quot;2&quot;:0,&quot;5&quot;:{&quot;1&quot;:2,&quot;2&quot;:13158600}},{&quot;1&quot;:0,&quot;2&quot;:0,&quot;3&quot;:3},{&quot;1&quot;:1,&quot;2&quot;:0,&quot;4&quot;:1}]},&quot;6&quot;:{&quot;1&quot;:[{&quot;1&quot;:2,&quot;2&quot;:0,&quot;5&quot;:{&quot;1&quot;:2,&quot;2&quot;:13158600}},{&quot;1&quot;:0,&quot;2&quot;:0,&quot;3&quot;:3},{&quot;1&quot;:1,&quot;2&quot;:0,&quot;4&quot;:1}]},&quot;7&quot;:{&quot;1&quot;:[{&quot;1&quot;:2,&quot;2&quot;:0,&quot;5&quot;:{&quot;1&quot;:2,&quot;2&quot;:13158600}},{&quot;1&quot;:0,&quot;2&quot;:0,&quot;3&quot;:3},{&quot;1&quot;:1,&quot;2&quot;:0,&quot;4&quot;:1}]},&quot;8&quot;:{&quot;1&quot;:[{&quot;1&quot;:2,&quot;2&quot;:0,&quot;5&quot;:{&quot;1&quot;:2,&quot;2&quot;:13158600}},{&quot;1&quot;:0,&quot;2&quot;:0,&quot;3&quot;:3},{&quot;1&quot;:1,&quot;2&quot;:0,&quot;4&quot;:1}]},&quot;9&quot;:1,&quot;10&quot;:0,&quot;11&quot;:4,&quot;14&quot;:{&quot;1&quot;:2,&quot;2&quot;:0},&quot;15&quot;:&quot;Times New Roman&quot;,&quot;16&quot;:13}\">El empleo de la palabra con animo de influir en las fuerzas de la naturaleza y repelar las perturbaciones atmosf\u00e9ricas en un aspecto de la cultura popular puertorrique\u00f1a que encierra particular inter\u00e9s y significaci\u00f3n. Este libro se dedica a la colecci\u00f3n de oraciones, ensalmos y conjuros del rico repertorio borincano de tradiciones orales, as\u00ed tambi\u00e9n como una muestra de objetos relacionados a estos sortilegios de la colecci\u00f3n particular de Teodoro Vidal. <\/span><\/p>\n","protected":false},"featured_media":4418,"template":"","meta":{"inline_featured_image":false},"product_brand":[],"product_cat":[60],"product_tag":[],"class_list":{"0":"post-4310","1":"product","2":"type-product","3":"status-publish","4":"has-post-thumbnail","6":"product_cat-libros","7":"product_shipping_class-libros","9":"first","10":"instock","11":"purchasable","12":"product-type-simple"},"_links":{"self":[{"href":"https:\/\/luismunozmarin.org\/en\/wp-json\/wp\/v2\/product\/4310","targetHints":{"allow":["GET"]}}],"collection":[{"href":"https:\/\/luismunozmarin.org\/en\/wp-json\/wp\/v2\/product"}],"about":[{"href":"https:\/\/luismunozmarin.org\/en\/wp-json\/wp\/v2\/types\/product"}],"wp:featuredmedia":[{"embeddable":true,"href":"https:\/\/luismunozmarin.org\/en\/wp-json\/wp\/v2\/media\/4418"}],"wp:attachment":[{"href":"https:\/\/luismunozmarin.org\/en\/wp-json\/wp\/v2\/media?parent=4310"}],"wp:term":[{"taxonomy":"product_brand","embeddable":true,"href":"https:\/\/luismunozmarin.org\/en\/wp-json\/wp\/v2\/product_brand?post=4310"},{"taxonomy":"product_cat","embeddable":true,"href":"https:\/\/luismunozmarin.org\/en\/wp-json\/wp\/v2\/product_cat?post=4310"},{"taxonomy":"product_tag","embeddable":true,"href":"https:\/\/luismunozmarin.org\/en\/wp-json\/wp\/v2\/product_tag?post=4310"}],"curies":[{"name":"wp","href":"https:\/\/api.w.org\/{rel}","templated":true}]}}