{"id":4317,"date":"2021-07-19T09:46:03","date_gmt":"2021-07-19T09:46:03","guid":{"rendered":"https:\/\/luismunozmarin.org\/?post_type=product&#038;p=4317"},"modified":"2025-05-09T01:59:33","modified_gmt":"2025-05-09T05:59:33","slug":"new-product-28","status":"publish","type":"product","link":"https:\/\/luismunozmarin.org\/en\/product\/new-product-28\/","title":{"rendered":"El arte de la miniatura en Puerto Rico."},"content":{"rendered":"","protected":false},"excerpt":{"rendered":"<p><span data-sheets-value=\"{&quot;1&quot;:2,&quot;2&quot;:&quot;En el curso de las investigaciones que el autor llevo a cabo con el prop\u00f3sito de reunir un conjunto de artes y tradiciones puertorrique\u00f1as como elemento b\u00e1sico para establecer un museo de este aspecto de nuestro patrimonio cultural, el mismo se percat\u00f3 que el arte del retrato-miniatura se cultivo en Puerto Rico en a\u00f1os del Siglo XIX con notable encierro y en cantidad apreciable. Atra\u00eddo por el encanto e inter\u00e9s de las miniaturas y estimulado por el deseo de darlas a conocer, el autor intensific\u00f3 las encuestas de campo en buscar testimonios adicionales del cultivo de este arte en la Isla.  &quot;}\" data-sheets-userformat=\"{&quot;2&quot;:14847,&quot;3&quot;:{&quot;1&quot;:1},&quot;4&quot;:{&quot;1&quot;:2,&quot;2&quot;:16250870},&quot;5&quot;:{&quot;1&quot;:[{&quot;1&quot;:2,&quot;2&quot;:0,&quot;5&quot;:{&quot;1&quot;:2,&quot;2&quot;:13158600}},{&quot;1&quot;:0,&quot;2&quot;:0,&quot;3&quot;:3},{&quot;1&quot;:1,&quot;2&quot;:0,&quot;4&quot;:1}]},&quot;6&quot;:{&quot;1&quot;:[{&quot;1&quot;:2,&quot;2&quot;:0,&quot;5&quot;:{&quot;1&quot;:2,&quot;2&quot;:13158600}},{&quot;1&quot;:0,&quot;2&quot;:0,&quot;3&quot;:3},{&quot;1&quot;:1,&quot;2&quot;:0,&quot;4&quot;:1}]},&quot;7&quot;:{&quot;1&quot;:[{&quot;1&quot;:2,&quot;2&quot;:0,&quot;5&quot;:{&quot;1&quot;:2,&quot;2&quot;:13158600}},{&quot;1&quot;:0,&quot;2&quot;:0,&quot;3&quot;:3},{&quot;1&quot;:1,&quot;2&quot;:0,&quot;4&quot;:1}]},&quot;8&quot;:{&quot;1&quot;:[{&quot;1&quot;:2,&quot;2&quot;:0,&quot;5&quot;:{&quot;1&quot;:2,&quot;2&quot;:13158600}},{&quot;1&quot;:0,&quot;2&quot;:0,&quot;3&quot;:3},{&quot;1&quot;:1,&quot;2&quot;:0,&quot;4&quot;:1}]},&quot;9&quot;:1,&quot;10&quot;:0,&quot;11&quot;:4,&quot;14&quot;:{&quot;1&quot;:2,&quot;2&quot;:0},&quot;15&quot;:&quot;Times New Roman&quot;,&quot;16&quot;:13}\">En el curso de las investigaciones que el autor llevo a cabo con el prop\u00f3sito de reunir un conjunto de artes y tradiciones puertorrique\u00f1as como elemento b\u00e1sico para establecer un museo de este aspecto de nuestro patrimonio cultural, el mismo se percat\u00f3 que el arte del retrato-miniatura se cultivo en Puerto Rico en a\u00f1os del Siglo XIX con notable encierro y en cantidad apreciable. Atra\u00eddo por el encanto e inter\u00e9s de las miniaturas y estimulado por el deseo de darlas a conocer, el autor intensific\u00f3 las encuestas de campo en buscar testimonios adicionales del cultivo de este arte en la Isla. <\/span><\/p>\n","protected":false},"featured_media":4426,"template":"","meta":{"inline_featured_image":false},"product_brand":[],"product_cat":[60],"product_tag":[],"class_list":{"0":"post-4317","1":"product","2":"type-product","3":"status-publish","4":"has-post-thumbnail","6":"product_cat-libros","7":"product_shipping_class-libros","9":"first","10":"instock","11":"purchasable","12":"product-type-simple"},"_links":{"self":[{"href":"https:\/\/luismunozmarin.org\/en\/wp-json\/wp\/v2\/product\/4317","targetHints":{"allow":["GET"]}}],"collection":[{"href":"https:\/\/luismunozmarin.org\/en\/wp-json\/wp\/v2\/product"}],"about":[{"href":"https:\/\/luismunozmarin.org\/en\/wp-json\/wp\/v2\/types\/product"}],"wp:featuredmedia":[{"embeddable":true,"href":"https:\/\/luismunozmarin.org\/en\/wp-json\/wp\/v2\/media\/4426"}],"wp:attachment":[{"href":"https:\/\/luismunozmarin.org\/en\/wp-json\/wp\/v2\/media?parent=4317"}],"wp:term":[{"taxonomy":"product_brand","embeddable":true,"href":"https:\/\/luismunozmarin.org\/en\/wp-json\/wp\/v2\/product_brand?post=4317"},{"taxonomy":"product_cat","embeddable":true,"href":"https:\/\/luismunozmarin.org\/en\/wp-json\/wp\/v2\/product_cat?post=4317"},{"taxonomy":"product_tag","embeddable":true,"href":"https:\/\/luismunozmarin.org\/en\/wp-json\/wp\/v2\/product_tag?post=4317"}],"curies":[{"name":"wp","href":"https:\/\/api.w.org\/{rel}","templated":true}]}}