{"id":4318,"date":"2021-07-19T09:46:04","date_gmt":"2021-07-19T09:46:04","guid":{"rendered":"https:\/\/luismunozmarin.org\/?post_type=product&#038;p=4318"},"modified":"2025-05-09T01:59:03","modified_gmt":"2025-05-09T05:59:03","slug":"new-product-29","status":"publish","type":"product","link":"https:\/\/luismunozmarin.org\/en\/product\/new-product-29\/","title":{"rendered":"Cuatro puertorrique\u00f1as por Campeche."},"content":{"rendered":"","protected":false},"excerpt":{"rendered":"<p><span data-sheets-value=\"{&quot;1&quot;:2,&quot;2&quot;:&quot;En esta re-publicaci\u00f3n de Tres Retratos Pintados por Campeche, el autor tiene como rinde homenaje anticipado a la celebraci\u00f3n del doscientos cincuenta aniversario del natalicio del artista en el a\u00f1o 2001. En esta nueva publicaci\u00f3n queda refundida en su totalidad la obra previa, ahora ampliada considerablemente y corregida en algunos detalles a la luz de datos obtenidos durante los \u00faltimos a\u00f1os.&quot;}\" data-sheets-userformat=\"{&quot;2&quot;:14845,&quot;3&quot;:{&quot;1&quot;:1},&quot;5&quot;:{&quot;1&quot;:[{&quot;1&quot;:2,&quot;2&quot;:0,&quot;5&quot;:{&quot;1&quot;:2,&quot;2&quot;:13158600}},{&quot;1&quot;:0,&quot;2&quot;:0,&quot;3&quot;:3},{&quot;1&quot;:1,&quot;2&quot;:0,&quot;4&quot;:1}]},&quot;6&quot;:{&quot;1&quot;:[{&quot;1&quot;:2,&quot;2&quot;:0,&quot;5&quot;:{&quot;1&quot;:2,&quot;2&quot;:13158600}},{&quot;1&quot;:0,&quot;2&quot;:0,&quot;3&quot;:3},{&quot;1&quot;:1,&quot;2&quot;:0,&quot;4&quot;:1}]},&quot;7&quot;:{&quot;1&quot;:[{&quot;1&quot;:2,&quot;2&quot;:0,&quot;5&quot;:{&quot;1&quot;:2,&quot;2&quot;:13158600}},{&quot;1&quot;:0,&quot;2&quot;:0,&quot;3&quot;:3},{&quot;1&quot;:1,&quot;2&quot;:0,&quot;4&quot;:1}]},&quot;8&quot;:{&quot;1&quot;:[{&quot;1&quot;:2,&quot;2&quot;:0,&quot;5&quot;:{&quot;1&quot;:2,&quot;2&quot;:13158600}},{&quot;1&quot;:0,&quot;2&quot;:0,&quot;3&quot;:3},{&quot;1&quot;:1,&quot;2&quot;:0,&quot;4&quot;:1}]},&quot;9&quot;:1,&quot;10&quot;:0,&quot;11&quot;:4,&quot;14&quot;:{&quot;1&quot;:2,&quot;2&quot;:0},&quot;15&quot;:&quot;Times New Roman&quot;,&quot;16&quot;:13}\" data-sheets-textstyleruns=\"{&quot;1&quot;:0,&quot;2&quot;:{&quot;2&quot;:{&quot;1&quot;:2,&quot;2&quot;:0},&quot;3&quot;:&quot;Times New Roman&quot;,&quot;4&quot;:13}}\uee10{&quot;1&quot;:26,&quot;2&quot;:{&quot;2&quot;:{&quot;1&quot;:2,&quot;2&quot;:0},&quot;3&quot;:&quot;Times New Roman&quot;,&quot;4&quot;:13,&quot;6&quot;:1}}\uee10{&quot;1&quot;:61,&quot;2&quot;:{&quot;2&quot;:{&quot;1&quot;:2,&quot;2&quot;:0},&quot;3&quot;:&quot;Times New Roman&quot;,&quot;4&quot;:13}}\">En esta re-publicaci\u00f3n de Tres Retratos Pintados por Campeche, el autor tiene como rinde homenaje anticipado a la celebraci\u00f3n del doscientos cincuenta aniversario del natalicio del artista en el a\u00f1o 2001. En esta nueva publicaci\u00f3n queda refundida en su totalidad la obra previa, ahora ampliada considerablemente y corregida en algunos detalles a la luz de datos obtenidos durante los \u00faltimos a\u00f1os.<\/span><\/p>\n","protected":false},"featured_media":4427,"template":"","meta":{"inline_featured_image":false},"product_brand":[],"product_cat":[60],"product_tag":[],"class_list":{"0":"post-4318","1":"product","2":"type-product","3":"status-publish","4":"has-post-thumbnail","6":"product_cat-libros","7":"product_shipping_class-libros","9":"first","10":"instock","11":"purchasable","12":"product-type-simple"},"_links":{"self":[{"href":"https:\/\/luismunozmarin.org\/en\/wp-json\/wp\/v2\/product\/4318","targetHints":{"allow":["GET"]}}],"collection":[{"href":"https:\/\/luismunozmarin.org\/en\/wp-json\/wp\/v2\/product"}],"about":[{"href":"https:\/\/luismunozmarin.org\/en\/wp-json\/wp\/v2\/types\/product"}],"wp:featuredmedia":[{"embeddable":true,"href":"https:\/\/luismunozmarin.org\/en\/wp-json\/wp\/v2\/media\/4427"}],"wp:attachment":[{"href":"https:\/\/luismunozmarin.org\/en\/wp-json\/wp\/v2\/media?parent=4318"}],"wp:term":[{"taxonomy":"product_brand","embeddable":true,"href":"https:\/\/luismunozmarin.org\/en\/wp-json\/wp\/v2\/product_brand?post=4318"},{"taxonomy":"product_cat","embeddable":true,"href":"https:\/\/luismunozmarin.org\/en\/wp-json\/wp\/v2\/product_cat?post=4318"},{"taxonomy":"product_tag","embeddable":true,"href":"https:\/\/luismunozmarin.org\/en\/wp-json\/wp\/v2\/product_tag?post=4318"}],"curies":[{"name":"wp","href":"https:\/\/api.w.org\/{rel}","templated":true}]}}