{"id":4319,"date":"2021-07-19T09:46:04","date_gmt":"2021-07-19T09:46:04","guid":{"rendered":"https:\/\/luismunozmarin.org\/?post_type=product&#038;p=4319"},"modified":"2021-07-19T09:55:43","modified_gmt":"2021-07-19T09:55:43","slug":"new-product-30","status":"publish","type":"product","link":"https:\/\/luismunozmarin.org\/en\/product\/new-product-30\/","title":{"rendered":"Objetos con historia: Explorando la Colecci\u00f3n Teodoro Vidal Santoni."},"content":{"rendered":"","protected":false},"excerpt":{"rendered":"<p><span data-sheets-value=\"{&quot;1&quot;:2,&quot;2&quot;:&quot;La Fundaci\u00f3n Luis Mu\u00f1oz Mar\u00edn, con el auspicio de la Fundaci\u00f3n Puertorrique\u00f1a de las Humanidades y del National Endowmnet for the Humanities, desarroll\u00f3 un seminario-taller para 75 maestros de escuelas p\u00fablicas y privadas del pa\u00eds tomando como tema la Colecci\u00f3n de Artes y Tradiciones Puertorrique\u00f1as de Teodoro Vidal Santoni. Con el t\u00edtulo Objetos con historia: Explorando la Colecci\u00f3n Teodoro Vidal Santoni este proyecto, llevado a cabo en el 2016, tuvo como prop\u00f3sito el que los maestros conocieran la importancia hist\u00f3rica de esta colecci\u00f3n para el estudio de la cultura puertorrique\u00f1a y la utilidad de la misma para el aula escolar. Esta iniciativa surge de un homenaje p\u00f3stumo que le rindiera la Fundaci\u00f3n Puertorrique\u00f1a de las Humanidades a don Teodoro Vidal Santoni el 19 de mayo de 2016 en la Fundaci\u00f3n Luis Mu\u00f1oz Mar\u00edn. La transcendental aportaci\u00f3n que hace Teodoro Vidal a la cultura de Puerto Rico es desconocida aun por la mayor\u00eda de los puertorrique\u00f1os y algunas personas solo tienen una apreciaci\u00f3n vaga de la misma.&quot;}\" data-sheets-userformat=\"{&quot;2&quot;:14847,&quot;3&quot;:{&quot;1&quot;:1},&quot;4&quot;:{&quot;1&quot;:2,&quot;2&quot;:16250870},&quot;5&quot;:{&quot;1&quot;:[{&quot;1&quot;:2,&quot;2&quot;:0,&quot;5&quot;:{&quot;1&quot;:2,&quot;2&quot;:13158600}},{&quot;1&quot;:0,&quot;2&quot;:0,&quot;3&quot;:3},{&quot;1&quot;:1,&quot;2&quot;:0,&quot;4&quot;:1}]},&quot;6&quot;:{&quot;1&quot;:[{&quot;1&quot;:2,&quot;2&quot;:0,&quot;5&quot;:{&quot;1&quot;:2,&quot;2&quot;:13158600}},{&quot;1&quot;:0,&quot;2&quot;:0,&quot;3&quot;:3},{&quot;1&quot;:1,&quot;2&quot;:0,&quot;4&quot;:1}]},&quot;7&quot;:{&quot;1&quot;:[{&quot;1&quot;:2,&quot;2&quot;:0,&quot;5&quot;:{&quot;1&quot;:2,&quot;2&quot;:13158600}},{&quot;1&quot;:0,&quot;2&quot;:0,&quot;3&quot;:3},{&quot;1&quot;:1,&quot;2&quot;:0,&quot;4&quot;:1}]},&quot;8&quot;:{&quot;1&quot;:[{&quot;1&quot;:2,&quot;2&quot;:0,&quot;5&quot;:{&quot;1&quot;:2,&quot;2&quot;:13158600}},{&quot;1&quot;:0,&quot;2&quot;:0,&quot;3&quot;:3},{&quot;1&quot;:1,&quot;2&quot;:0,&quot;4&quot;:1}]},&quot;9&quot;:1,&quot;10&quot;:0,&quot;11&quot;:4,&quot;14&quot;:{&quot;1&quot;:2,&quot;2&quot;:0},&quot;15&quot;:&quot;Times New Roman&quot;,&quot;16&quot;:13}\" data-sheets-textstyleruns=\"{&quot;1&quot;:0,&quot;2&quot;:{&quot;2&quot;:{&quot;1&quot;:2,&quot;2&quot;:0},&quot;3&quot;:&quot;Times New Roman&quot;,&quot;4&quot;:13}}\uee10{&quot;1&quot;:341,&quot;2&quot;:{&quot;2&quot;:{&quot;1&quot;:2,&quot;2&quot;:0},&quot;3&quot;:&quot;Times New Roman&quot;,&quot;4&quot;:13,&quot;6&quot;:1}}\uee10{&quot;1&quot;:409,&quot;2&quot;:{&quot;2&quot;:{&quot;1&quot;:2,&quot;2&quot;:0},&quot;3&quot;:&quot;Times New Roman&quot;,&quot;4&quot;:13}}\">La Fundaci\u00f3n Luis Mu\u00f1oz Mar\u00edn, con el auspicio de la Fundaci\u00f3n Puertorrique\u00f1a de las Humanidades y del National Endowmnet for the Humanities, desarroll\u00f3 un seminario-taller para 75 maestros de escuelas p\u00fablicas y privadas del pa\u00eds tomando como tema la Colecci\u00f3n de Artes y Tradiciones Puertorrique\u00f1as de Teodoro Vidal Santoni. Con el t\u00edtulo Objetos con historia: Explorando la Colecci\u00f3n Teodoro Vidal Santoni este proyecto, llevado a cabo en el 2016, tuvo como prop\u00f3sito el que los maestros conocieran la importancia hist\u00f3rica de esta colecci\u00f3n para el estudio de la cultura puertorrique\u00f1a y la utilidad de la misma para el aula escolar. Esta iniciativa surge de un homenaje p\u00f3stumo que le rindiera la Fundaci\u00f3n Puertorrique\u00f1a de las Humanidades a don Teodoro Vidal Santoni el 19 de mayo de 2016 en la Fundaci\u00f3n Luis Mu\u00f1oz Mar\u00edn. La transcendental aportaci\u00f3n que hace Teodoro Vidal a la cultura de Puerto Rico es desconocida aun por la mayor\u00eda de los puertorrique\u00f1os y algunas personas solo tienen una apreciaci\u00f3n vaga de la misma.<\/span><\/p>\n","protected":false},"featured_media":4428,"template":"","meta":{"inline_featured_image":false},"product_brand":[],"product_cat":[60],"product_tag":[],"class_list":{"0":"post-4319","1":"product","2":"type-product","3":"status-publish","4":"has-post-thumbnail","6":"product_cat-libros","7":"product_shipping_class-libros","9":"first","10":"instock","11":"purchasable","12":"product-type-simple"},"_links":{"self":[{"href":"https:\/\/luismunozmarin.org\/en\/wp-json\/wp\/v2\/product\/4319","targetHints":{"allow":["GET"]}}],"collection":[{"href":"https:\/\/luismunozmarin.org\/en\/wp-json\/wp\/v2\/product"}],"about":[{"href":"https:\/\/luismunozmarin.org\/en\/wp-json\/wp\/v2\/types\/product"}],"wp:featuredmedia":[{"embeddable":true,"href":"https:\/\/luismunozmarin.org\/en\/wp-json\/wp\/v2\/media\/4428"}],"wp:attachment":[{"href":"https:\/\/luismunozmarin.org\/en\/wp-json\/wp\/v2\/media?parent=4319"}],"wp:term":[{"taxonomy":"product_brand","embeddable":true,"href":"https:\/\/luismunozmarin.org\/en\/wp-json\/wp\/v2\/product_brand?post=4319"},{"taxonomy":"product_cat","embeddable":true,"href":"https:\/\/luismunozmarin.org\/en\/wp-json\/wp\/v2\/product_cat?post=4319"},{"taxonomy":"product_tag","embeddable":true,"href":"https:\/\/luismunozmarin.org\/en\/wp-json\/wp\/v2\/product_tag?post=4319"}],"curies":[{"name":"wp","href":"https:\/\/api.w.org\/{rel}","templated":true}]}}