{"id":4346,"date":"2021-07-19T10:31:54","date_gmt":"2021-07-19T10:31:54","guid":{"rendered":"https:\/\/luismunozmarin.org\/?post_type=product&#038;p=4346"},"modified":"2025-05-09T01:54:53","modified_gmt":"2025-05-09T05:54:53","slug":"new-product-53","status":"publish","type":"product","link":"https:\/\/luismunozmarin.org\/en\/product\/new-product-53\/","title":{"rendered":"Ser periodista: La vida y legado de Carlos M. Casta\u00f1eda."},"content":{"rendered":"","protected":false},"excerpt":{"rendered":"<p><span data-sheets-value=\"{&quot;1&quot;:2,&quot;2&quot;:&quot;Ser Periodista recoge, en una serie de conferencias y charlas pronunciadas en diversos foros, las ideas de Carlos M. Casta\u00f1eda sobre como ejercer un periodismo ese excelencia, as\u00ed como una selecci\u00f3n de sus m\u00e1s impactantes editoriales, entrevistas y cr\u00f3nicas, publicados en los \u00faltimos 30 a\u00f1os. Ademas, en estas p\u00e1ginas, algunos de sus m\u00e1s \u00edntimos colaboradores en las redacciones de los peri\u00f3dicos narran lo que para este gran Maestro significaba ser periodista.&quot;}\" data-sheets-userformat=\"{&quot;2&quot;:14845,&quot;3&quot;:{&quot;1&quot;:1},&quot;5&quot;:{&quot;1&quot;:[{&quot;1&quot;:2,&quot;2&quot;:0,&quot;5&quot;:{&quot;1&quot;:2,&quot;2&quot;:13158600}},{&quot;1&quot;:0,&quot;2&quot;:0,&quot;3&quot;:3},{&quot;1&quot;:1,&quot;2&quot;:0,&quot;4&quot;:1}]},&quot;6&quot;:{&quot;1&quot;:[{&quot;1&quot;:2,&quot;2&quot;:0,&quot;5&quot;:{&quot;1&quot;:2,&quot;2&quot;:13158600}},{&quot;1&quot;:0,&quot;2&quot;:0,&quot;3&quot;:3},{&quot;1&quot;:1,&quot;2&quot;:0,&quot;4&quot;:1}]},&quot;7&quot;:{&quot;1&quot;:[{&quot;1&quot;:2,&quot;2&quot;:0,&quot;5&quot;:{&quot;1&quot;:2,&quot;2&quot;:13158600}},{&quot;1&quot;:0,&quot;2&quot;:0,&quot;3&quot;:3},{&quot;1&quot;:1,&quot;2&quot;:0,&quot;4&quot;:1}]},&quot;8&quot;:{&quot;1&quot;:[{&quot;1&quot;:2,&quot;2&quot;:0,&quot;5&quot;:{&quot;1&quot;:2,&quot;2&quot;:13158600}},{&quot;1&quot;:0,&quot;2&quot;:0,&quot;3&quot;:3},{&quot;1&quot;:1,&quot;2&quot;:0,&quot;4&quot;:1}]},&quot;9&quot;:1,&quot;10&quot;:0,&quot;11&quot;:4,&quot;14&quot;:{&quot;1&quot;:2,&quot;2&quot;:0},&quot;15&quot;:&quot;Times New Roman&quot;,&quot;16&quot;:13}\" data-sheets-textstyleruns=\"{&quot;1&quot;:0,&quot;2&quot;:{&quot;2&quot;:{&quot;1&quot;:2,&quot;2&quot;:0},&quot;3&quot;:&quot;Times New Roman&quot;,&quot;4&quot;:13,&quot;6&quot;:1}}\uee10{&quot;1&quot;:14,&quot;2&quot;:{&quot;2&quot;:{&quot;1&quot;:2,&quot;2&quot;:0},&quot;3&quot;:&quot;Times New Roman&quot;,&quot;4&quot;:13}}\">Ser Periodista recoge, en una serie de conferencias y charlas pronunciadas en diversos foros, las ideas de Carlos M. Casta\u00f1eda sobre como ejercer un periodismo ese excelencia, as\u00ed como una selecci\u00f3n de sus m\u00e1s impactantes editoriales, entrevistas y cr\u00f3nicas, publicados en los \u00faltimos 30 a\u00f1os. Ademas, en estas p\u00e1ginas, algunos de sus m\u00e1s \u00edntimos colaboradores en las redacciones de los peri\u00f3dicos narran lo que para este gran Maestro significaba ser periodista.<\/span><\/p>\n","protected":false},"featured_media":4480,"template":"","meta":{"inline_featured_image":false},"product_brand":[],"product_cat":[60],"product_tag":[],"class_list":{"0":"post-4346","1":"product","2":"type-product","3":"status-publish","4":"has-post-thumbnail","6":"product_cat-libros","7":"product_shipping_class-libros","9":"first","10":"instock","11":"purchasable","12":"product-type-simple"},"_links":{"self":[{"href":"https:\/\/luismunozmarin.org\/en\/wp-json\/wp\/v2\/product\/4346","targetHints":{"allow":["GET"]}}],"collection":[{"href":"https:\/\/luismunozmarin.org\/en\/wp-json\/wp\/v2\/product"}],"about":[{"href":"https:\/\/luismunozmarin.org\/en\/wp-json\/wp\/v2\/types\/product"}],"wp:featuredmedia":[{"embeddable":true,"href":"https:\/\/luismunozmarin.org\/en\/wp-json\/wp\/v2\/media\/4480"}],"wp:attachment":[{"href":"https:\/\/luismunozmarin.org\/en\/wp-json\/wp\/v2\/media?parent=4346"}],"wp:term":[{"taxonomy":"product_brand","embeddable":true,"href":"https:\/\/luismunozmarin.org\/en\/wp-json\/wp\/v2\/product_brand?post=4346"},{"taxonomy":"product_cat","embeddable":true,"href":"https:\/\/luismunozmarin.org\/en\/wp-json\/wp\/v2\/product_cat?post=4346"},{"taxonomy":"product_tag","embeddable":true,"href":"https:\/\/luismunozmarin.org\/en\/wp-json\/wp\/v2\/product_tag?post=4346"}],"curies":[{"name":"wp","href":"https:\/\/api.w.org\/{rel}","templated":true}]}}