{"id":4359,"date":"2021-07-19T10:43:17","date_gmt":"2021-07-19T10:43:17","guid":{"rendered":"https:\/\/luismunozmarin.org\/?post_type=product&#038;p=4359"},"modified":"2025-05-09T01:51:15","modified_gmt":"2025-05-09T05:51:15","slug":"new-product-66","status":"publish","type":"product","link":"https:\/\/luismunozmarin.org\/en\/product\/new-product-66\/","title":{"rendered":"Jorge Font Salda\u00f1a: Un hombre para todos los tiempos."},"content":{"rendered":"","protected":false},"excerpt":{"rendered":"<p><span data-sheets-value=\"{&quot;1&quot;:2,&quot;2&quot;:&quot;Este es el justo retrato de Jorge. Buen compa\u00f1ero y l\u00edmpido en su trato. Var\u00f3n cabal, caballero. \u00c9l une a la consistencia la lealtad, dos valores que, en esta edad sin conciencia a\u00fan mantienen los se\u00f1ores. Tiene nombre y apellido por la sangre y por la pluma. Vi\u00e9ndole siempre cumplido, pienso en la luz y en la espuma. Mas yo descubro en el fondo de tan noble personaje la inquietud, rasgo redondo de los tipos del linaje. \u2014 Evarista Ribera Chevremont. &quot;}\" data-sheets-userformat=\"{&quot;2&quot;:14847,&quot;3&quot;:{&quot;1&quot;:1},&quot;4&quot;:{&quot;1&quot;:2,&quot;2&quot;:16250870},&quot;5&quot;:{&quot;1&quot;:[{&quot;1&quot;:2,&quot;2&quot;:0,&quot;5&quot;:{&quot;1&quot;:2,&quot;2&quot;:13158600}},{&quot;1&quot;:0,&quot;2&quot;:0,&quot;3&quot;:3},{&quot;1&quot;:1,&quot;2&quot;:0,&quot;4&quot;:1}]},&quot;6&quot;:{&quot;1&quot;:[{&quot;1&quot;:2,&quot;2&quot;:0,&quot;5&quot;:{&quot;1&quot;:2,&quot;2&quot;:13158600}},{&quot;1&quot;:0,&quot;2&quot;:0,&quot;3&quot;:3},{&quot;1&quot;:1,&quot;2&quot;:0,&quot;4&quot;:1}]},&quot;7&quot;:{&quot;1&quot;:[{&quot;1&quot;:2,&quot;2&quot;:0,&quot;5&quot;:{&quot;1&quot;:2,&quot;2&quot;:13158600}},{&quot;1&quot;:0,&quot;2&quot;:0,&quot;3&quot;:3},{&quot;1&quot;:1,&quot;2&quot;:0,&quot;4&quot;:1}]},&quot;8&quot;:{&quot;1&quot;:[{&quot;1&quot;:2,&quot;2&quot;:0,&quot;5&quot;:{&quot;1&quot;:2,&quot;2&quot;:13158600}},{&quot;1&quot;:0,&quot;2&quot;:0,&quot;3&quot;:3},{&quot;1&quot;:1,&quot;2&quot;:0,&quot;4&quot;:1}]},&quot;9&quot;:1,&quot;10&quot;:0,&quot;11&quot;:4,&quot;14&quot;:{&quot;1&quot;:2,&quot;2&quot;:0},&quot;15&quot;:&quot;Times New Roman&quot;,&quot;16&quot;:13}\">Este es el justo retrato de Jorge. Buen compa\u00f1ero y l\u00edmpido en su trato. Var\u00f3n cabal, caballero. \u00c9l une a la consistencia la lealtad, dos valores que, en esta edad sin conciencia a\u00fan mantienen los se\u00f1ores. Tiene nombre y apellido por la sangre y por la pluma. Vi\u00e9ndole siempre cumplido, pienso en la luz y en la espuma. Mas yo descubro en el fondo de tan noble personaje la inquietud, rasgo redondo de los tipos del linaje. \u2014 Evarista Ribera Chevremont. <\/span><\/p>\n","protected":false},"featured_media":4488,"template":"","meta":{"inline_featured_image":false},"product_brand":[],"product_cat":[60],"product_tag":[],"class_list":{"0":"post-4359","1":"product","2":"type-product","3":"status-publish","4":"has-post-thumbnail","6":"product_cat-libros","7":"product_shipping_class-libros","9":"first","10":"instock","11":"purchasable","12":"product-type-simple"},"_links":{"self":[{"href":"https:\/\/luismunozmarin.org\/en\/wp-json\/wp\/v2\/product\/4359","targetHints":{"allow":["GET"]}}],"collection":[{"href":"https:\/\/luismunozmarin.org\/en\/wp-json\/wp\/v2\/product"}],"about":[{"href":"https:\/\/luismunozmarin.org\/en\/wp-json\/wp\/v2\/types\/product"}],"wp:featuredmedia":[{"embeddable":true,"href":"https:\/\/luismunozmarin.org\/en\/wp-json\/wp\/v2\/media\/4488"}],"wp:attachment":[{"href":"https:\/\/luismunozmarin.org\/en\/wp-json\/wp\/v2\/media?parent=4359"}],"wp:term":[{"taxonomy":"product_brand","embeddable":true,"href":"https:\/\/luismunozmarin.org\/en\/wp-json\/wp\/v2\/product_brand?post=4359"},{"taxonomy":"product_cat","embeddable":true,"href":"https:\/\/luismunozmarin.org\/en\/wp-json\/wp\/v2\/product_cat?post=4359"},{"taxonomy":"product_tag","embeddable":true,"href":"https:\/\/luismunozmarin.org\/en\/wp-json\/wp\/v2\/product_tag?post=4359"}],"curies":[{"name":"wp","href":"https:\/\/api.w.org\/{rel}","templated":true}]}}