{"id":4367,"date":"2021-07-19T10:56:04","date_gmt":"2021-07-19T10:56:04","guid":{"rendered":"https:\/\/luismunozmarin.org\/?post_type=product&#038;p=4367"},"modified":"2025-05-09T01:49:27","modified_gmt":"2025-05-09T05:49:27","slug":"new-product-74","status":"publish","type":"product","link":"https:\/\/luismunozmarin.org\/en\/product\/new-product-74\/","title":{"rendered":"Los primeros treinta a\u00f1os de la vida de Luis Mu\u00f1oz Rivera."},"content":{"rendered":"","protected":false},"excerpt":{"rendered":"<p><span data-sheets-value=\"{&quot;1&quot;:2,&quot;2&quot;:&quot;Este libro se publica sententa y seis a\u00f1os despu\u00e9s de escrito. La dilaci\u00f3n en nada disminuye el valor del manuscrito; en todo caso lo aumenta. Las cuartillas de Quint\u00edn Negr\u00f3n Sanjurjo, amigo de ni\u00f1ez y compa\u00f1ero de causas de Luis Mu\u00f1oz Rivera, evocan al ya desaparecido Barranquitas del pasado siglo. Los juegos de ni\u00f1os, las veladas literarias de los muchachos, el maestro del pueblo, don Luis Mu\u00f1oz Barrios\u2026 todo ese mundo pueblerino \u2014que se hubiese perdido irremediablemente de no quedar recogido en estas p\u00e1ginas\u2014 adquiere una inmediatez palpable, sensible y cari\u00f1osa. Y ese remoto, alejado y distante form\u00e1ndose\u2026 el \u201cHombre Patria\u201d. &quot;}\" data-sheets-userformat=\"{&quot;2&quot;:14847,&quot;3&quot;:{&quot;1&quot;:1},&quot;4&quot;:{&quot;1&quot;:2,&quot;2&quot;:16250870},&quot;5&quot;:{&quot;1&quot;:[{&quot;1&quot;:2,&quot;2&quot;:0,&quot;5&quot;:{&quot;1&quot;:2,&quot;2&quot;:13158600}},{&quot;1&quot;:0,&quot;2&quot;:0,&quot;3&quot;:3},{&quot;1&quot;:1,&quot;2&quot;:0,&quot;4&quot;:1}]},&quot;6&quot;:{&quot;1&quot;:[{&quot;1&quot;:2,&quot;2&quot;:0,&quot;5&quot;:{&quot;1&quot;:2,&quot;2&quot;:13158600}},{&quot;1&quot;:0,&quot;2&quot;:0,&quot;3&quot;:3},{&quot;1&quot;:1,&quot;2&quot;:0,&quot;4&quot;:1}]},&quot;7&quot;:{&quot;1&quot;:[{&quot;1&quot;:2,&quot;2&quot;:0,&quot;5&quot;:{&quot;1&quot;:2,&quot;2&quot;:13158600}},{&quot;1&quot;:0,&quot;2&quot;:0,&quot;3&quot;:3},{&quot;1&quot;:1,&quot;2&quot;:0,&quot;4&quot;:1}]},&quot;8&quot;:{&quot;1&quot;:[{&quot;1&quot;:2,&quot;2&quot;:0,&quot;5&quot;:{&quot;1&quot;:2,&quot;2&quot;:13158600}},{&quot;1&quot;:0,&quot;2&quot;:0,&quot;3&quot;:3},{&quot;1&quot;:1,&quot;2&quot;:0,&quot;4&quot;:1}]},&quot;9&quot;:1,&quot;10&quot;:0,&quot;11&quot;:4,&quot;14&quot;:{&quot;1&quot;:2,&quot;2&quot;:0},&quot;15&quot;:&quot;Times New Roman&quot;,&quot;16&quot;:13}\">Este libro se publica sententa y seis a\u00f1os despu\u00e9s de escrito. La dilaci\u00f3n en nada disminuye el valor del manuscrito; en todo caso lo aumenta. Las cuartillas de Quint\u00edn Negr\u00f3n Sanjurjo, amigo de ni\u00f1ez y compa\u00f1ero de causas de Luis Mu\u00f1oz Rivera, evocan al ya desaparecido Barranquitas del pasado siglo. Los juegos de ni\u00f1os, las veladas literarias de los muchachos, el maestro del pueblo, don Luis Mu\u00f1oz Barrios\u2026 todo ese mundo pueblerino \u2014que se hubiese perdido irremediablemente de no quedar recogido en estas p\u00e1ginas\u2014 adquiere una inmediatez palpable, sensible y cari\u00f1osa. Y ese remoto, alejado y distante form\u00e1ndose\u2026 el \u201cHombre Patria\u201d. <\/span><\/p>\n","protected":false},"featured_media":4503,"template":"","meta":{"inline_featured_image":false},"product_brand":[],"product_cat":[60],"product_tag":[],"class_list":{"0":"post-4367","1":"product","2":"type-product","3":"status-publish","4":"has-post-thumbnail","6":"product_cat-libros","7":"product_shipping_class-libros","9":"first","10":"outofstock","11":"purchasable","12":"product-type-simple"},"_links":{"self":[{"href":"https:\/\/luismunozmarin.org\/en\/wp-json\/wp\/v2\/product\/4367","targetHints":{"allow":["GET"]}}],"collection":[{"href":"https:\/\/luismunozmarin.org\/en\/wp-json\/wp\/v2\/product"}],"about":[{"href":"https:\/\/luismunozmarin.org\/en\/wp-json\/wp\/v2\/types\/product"}],"wp:featuredmedia":[{"embeddable":true,"href":"https:\/\/luismunozmarin.org\/en\/wp-json\/wp\/v2\/media\/4503"}],"wp:attachment":[{"href":"https:\/\/luismunozmarin.org\/en\/wp-json\/wp\/v2\/media?parent=4367"}],"wp:term":[{"taxonomy":"product_brand","embeddable":true,"href":"https:\/\/luismunozmarin.org\/en\/wp-json\/wp\/v2\/product_brand?post=4367"},{"taxonomy":"product_cat","embeddable":true,"href":"https:\/\/luismunozmarin.org\/en\/wp-json\/wp\/v2\/product_cat?post=4367"},{"taxonomy":"product_tag","embeddable":true,"href":"https:\/\/luismunozmarin.org\/en\/wp-json\/wp\/v2\/product_tag?post=4367"}],"curies":[{"name":"wp","href":"https:\/\/api.w.org\/{rel}","templated":true}]}}