{"id":4373,"date":"2021-07-19T10:56:05","date_gmt":"2021-07-19T10:56:05","guid":{"rendered":"https:\/\/luismunozmarin.org\/?post_type=product&#038;p=4373"},"modified":"2025-05-09T01:46:07","modified_gmt":"2025-05-09T05:46:07","slug":"new-product-80","status":"publish","type":"product","link":"https:\/\/luismunozmarin.org\/en\/product\/new-product-80\/","title":{"rendered":"Memorias 1940-1952."},"content":{"rendered":"","protected":false},"excerpt":{"rendered":"<p><span data-sheets-value=\"{&quot;1&quot;:2,&quot;2&quot;:&quot;Este segundo tomo presenta el programa legislativo del Partido Popular Democr\u00e1tico a partir de febrero de 1941, cuando Mu\u00f1oz Mar\u00edn es electo a la Presidencia del Senado de Puerto Rico. La victoria popular, el voto de dos de los representantes tripartitas y el apoyo de los gobernadores coloniales norteamericanos Guy J. Swope y Rexford G. Tugwell, permitieron al Partido Popular legislar una extensa y profunda reforma econ\u00f3mica y social. Se aprob\u00f3 la reforma agraria, se legisl\u00f3 a favor de los trabajadores, se sentaron las bases de una recuperaci\u00f3n del crecimiento de la econom\u00eda y la industrializaci\u00f3n del pa\u00eds. El Partido Popular tuvo un triunfo impresionante en 1944. En 1947 se aprob\u00f3 en el Congreso de los Estados Unidos la ley que facultaba a los electores puertorrique\u00f1os a elegir a su propio ejecutivo. En las elecciones generales de 1948 se eligi\u00f3 a Luis Mu\u00f1oz Mar\u00edn con un 61.2% del voto popular como el primer gobernador puertorrique\u00f1o electo por sus ciudadanos y el 2 de enero de 1949 toma posesi\u00f3n oficialmente del cargo. Durante este periodo en La Fortaleza de 16 a\u00f1os (1949-1965) Puerto Rico sufri\u00f3 una transformaci\u00f3n revolucionaria en todos los \u00f3rdenes. Mu\u00f1oz le dio nombre a los tres grandes proyectos que desarrollaba durante este per\u00edodo: la Operaci\u00f3n Manos a la Obra, la Operaci\u00f3n Estado Libre Asociado y la Operaci\u00f3n Serenidad. Seg\u00fan Jaime Ben\u00edtez, Luis Mu\u00f1oz Mar\u00edn relata e interpreta un periodo decisivo en la vida puertorrique\u00f1a, desde \u201cla victoria grande y precaria\u201d del 5 de noviembre de 1940 hasta el 25 de julio de 1952, y cuando se establece el Estado Libre Asociado. Lo que acontece en esos doce a\u00f1os marca una forma indeleble a la segunda mitad del siglo veinte en Puerto Rico. &quot;}\" data-sheets-userformat=\"{&quot;2&quot;:14847,&quot;3&quot;:{&quot;1&quot;:1},&quot;4&quot;:{&quot;1&quot;:2,&quot;2&quot;:16250870},&quot;5&quot;:{&quot;1&quot;:[{&quot;1&quot;:2,&quot;2&quot;:0,&quot;5&quot;:{&quot;1&quot;:2,&quot;2&quot;:13158600}},{&quot;1&quot;:0,&quot;2&quot;:0,&quot;3&quot;:3},{&quot;1&quot;:1,&quot;2&quot;:0,&quot;4&quot;:1}]},&quot;6&quot;:{&quot;1&quot;:[{&quot;1&quot;:2,&quot;2&quot;:0,&quot;5&quot;:{&quot;1&quot;:2,&quot;2&quot;:13158600}},{&quot;1&quot;:0,&quot;2&quot;:0,&quot;3&quot;:3},{&quot;1&quot;:1,&quot;2&quot;:0,&quot;4&quot;:1}]},&quot;7&quot;:{&quot;1&quot;:[{&quot;1&quot;:2,&quot;2&quot;:0,&quot;5&quot;:{&quot;1&quot;:2,&quot;2&quot;:13158600}},{&quot;1&quot;:0,&quot;2&quot;:0,&quot;3&quot;:3},{&quot;1&quot;:1,&quot;2&quot;:0,&quot;4&quot;:1}]},&quot;8&quot;:{&quot;1&quot;:[{&quot;1&quot;:2,&quot;2&quot;:0,&quot;5&quot;:{&quot;1&quot;:2,&quot;2&quot;:13158600}},{&quot;1&quot;:0,&quot;2&quot;:0,&quot;3&quot;:3},{&quot;1&quot;:1,&quot;2&quot;:0,&quot;4&quot;:1}]},&quot;9&quot;:1,&quot;10&quot;:0,&quot;11&quot;:4,&quot;14&quot;:{&quot;1&quot;:2,&quot;2&quot;:0},&quot;15&quot;:&quot;Times New Roman&quot;,&quot;16&quot;:13}\">Este segundo tomo presenta el programa legislativo del Partido Popular Democr\u00e1tico a partir de febrero de 1941, cuando Mu\u00f1oz Mar\u00edn es electo a la Presidencia del Senado de Puerto Rico. La victoria popular, el voto de dos de los representantes tripartitas y el apoyo de los gobernadores coloniales norteamericanos Guy J. Swope y Rexford G. Tugwell, permitieron al Partido Popular legislar una extensa y profunda reforma econ\u00f3mica y social. Se aprob\u00f3 la reforma agraria, se legisl\u00f3 a favor de los trabajadores, se sentaron las bases de una recuperaci\u00f3n del crecimiento de la econom\u00eda y la industrializaci\u00f3n del pa\u00eds. El Partido Popular tuvo un triunfo impresionante en 1944. En 1947 se aprob\u00f3 en el Congreso de los Estados Unidos la ley que facultaba a los electores puertorrique\u00f1os a elegir a su propio ejecutivo. En las elecciones generales de 1948 se eligi\u00f3 a Luis Mu\u00f1oz Mar\u00edn con un 61.2% del voto popular como el primer gobernador puertorrique\u00f1o electo por sus ciudadanos y el 2 de enero de 1949 toma posesi\u00f3n oficialmente del cargo. Durante este periodo en La Fortaleza de 16 a\u00f1os (1949-1965) Puerto Rico sufri\u00f3 una transformaci\u00f3n revolucionaria en todos los \u00f3rdenes. Mu\u00f1oz le dio nombre a los tres grandes proyectos que desarrollaba durante este per\u00edodo: la Operaci\u00f3n Manos a la Obra, la Operaci\u00f3n Estado Libre Asociado y la Operaci\u00f3n Serenidad. Seg\u00fan Jaime Ben\u00edtez, Luis Mu\u00f1oz Mar\u00edn relata e interpreta un periodo decisivo en la vida puertorrique\u00f1a, desde \u201cla victoria grande y precaria\u201d del 5 de noviembre de 1940 hasta el 25 de julio de 1952, y cuando se establece el Estado Libre Asociado. Lo que acontece en esos doce a\u00f1os marca una forma indeleble a la segunda mitad del siglo veinte en Puerto Rico. <\/span><\/p>\n","protected":false},"featured_media":4507,"template":"","meta":{"inline_featured_image":false},"product_brand":[],"product_cat":[60],"product_tag":[],"class_list":{"0":"post-4373","1":"product","2":"type-product","3":"status-publish","4":"has-post-thumbnail","6":"product_cat-libros","7":"product_shipping_class-libros","9":"first","10":"outofstock","11":"purchasable","12":"product-type-simple"},"_links":{"self":[{"href":"https:\/\/luismunozmarin.org\/en\/wp-json\/wp\/v2\/product\/4373","targetHints":{"allow":["GET"]}}],"collection":[{"href":"https:\/\/luismunozmarin.org\/en\/wp-json\/wp\/v2\/product"}],"about":[{"href":"https:\/\/luismunozmarin.org\/en\/wp-json\/wp\/v2\/types\/product"}],"wp:featuredmedia":[{"embeddable":true,"href":"https:\/\/luismunozmarin.org\/en\/wp-json\/wp\/v2\/media\/4507"}],"wp:attachment":[{"href":"https:\/\/luismunozmarin.org\/en\/wp-json\/wp\/v2\/media?parent=4373"}],"wp:term":[{"taxonomy":"product_brand","embeddable":true,"href":"https:\/\/luismunozmarin.org\/en\/wp-json\/wp\/v2\/product_brand?post=4373"},{"taxonomy":"product_cat","embeddable":true,"href":"https:\/\/luismunozmarin.org\/en\/wp-json\/wp\/v2\/product_cat?post=4373"},{"taxonomy":"product_tag","embeddable":true,"href":"https:\/\/luismunozmarin.org\/en\/wp-json\/wp\/v2\/product_tag?post=4373"}],"curies":[{"name":"wp","href":"https:\/\/api.w.org\/{rel}","templated":true}]}}