{"id":4785,"date":"2022-04-01T09:09:03","date_gmt":"2022-04-01T09:09:03","guid":{"rendered":"https:\/\/luismunozmarin.org\/?post_type=product&#038;p=4785"},"modified":"2026-03-25T11:05:30","modified_gmt":"2026-03-25T15:05:30","slug":"discover-puerto-rico-u-s-a-propaganda-cultura-y-marca-pais-1929-1941","status":"publish","type":"product","link":"https:\/\/luismunozmarin.org\/en\/product\/discover-puerto-rico-u-s-a-propaganda-cultura-y-marca-pais-1929-1941\/","title":{"rendered":"\u201cDiscover Puerto Rico U.S.A.\u201d: propaganda, cultura y marca pa\u00eds, 1929-1941"},"content":{"rendered":"","protected":false},"excerpt":{"rendered":"<p>Dra. Hilda Blanch-Miranda<br \/>\n2022<\/p>\n<p><em>\u201cDiscover Puerto Rico U.S.A.\u201d: propaganda, cultura y marca pa\u00eds, 1929-1941<\/em> propone ser una lectura obligada para todos los interesados en los discursos gubernamentales y la construcci\u00f3n de la imagen nacional de la Isla, el desarrollo de las comunicaciones, el funcionamiento del gobierno insular y las relaciones con el gobierno federal. Esta obra presenta las primeras estrategias generadas por el gobierno de Puerto Rico para la creaci\u00f3n de la imagen nacional de la Isla y la promoci\u00f3n del discurso cultural-econ\u00f3mico durante el periodo de 1929 a 1941. Por otro lado, le propone al lector una reflexi\u00f3n sobre el uso y la trascendencia de los imaginarios en el desarrollo de la imagen nacional y, en particular, en la formulaci\u00f3n de la imagen del puertorrique\u00f1o y lo puertorrique\u00f1o.<\/p>\n<p>Donativo:<\/p>","protected":false},"featured_media":4786,"template":"","meta":{"inline_featured_image":false},"product_brand":[],"product_cat":[60],"product_tag":[],"class_list":{"0":"post-4785","1":"product","2":"type-product","3":"status-publish","4":"has-post-thumbnail","6":"product_cat-libros","7":"product_shipping_class-libro-grande","9":"first","10":"instock","11":"purchasable","12":"product-type-simple"},"_links":{"self":[{"href":"https:\/\/luismunozmarin.org\/en\/wp-json\/wp\/v2\/product\/4785","targetHints":{"allow":["GET"]}}],"collection":[{"href":"https:\/\/luismunozmarin.org\/en\/wp-json\/wp\/v2\/product"}],"about":[{"href":"https:\/\/luismunozmarin.org\/en\/wp-json\/wp\/v2\/types\/product"}],"wp:featuredmedia":[{"embeddable":true,"href":"https:\/\/luismunozmarin.org\/en\/wp-json\/wp\/v2\/media\/4786"}],"wp:attachment":[{"href":"https:\/\/luismunozmarin.org\/en\/wp-json\/wp\/v2\/media?parent=4785"}],"wp:term":[{"taxonomy":"product_brand","embeddable":true,"href":"https:\/\/luismunozmarin.org\/en\/wp-json\/wp\/v2\/product_brand?post=4785"},{"taxonomy":"product_cat","embeddable":true,"href":"https:\/\/luismunozmarin.org\/en\/wp-json\/wp\/v2\/product_cat?post=4785"},{"taxonomy":"product_tag","embeddable":true,"href":"https:\/\/luismunozmarin.org\/en\/wp-json\/wp\/v2\/product_tag?post=4785"}],"curies":[{"name":"wp","href":"https:\/\/api.w.org\/{rel}","templated":true}]}}