{"id":6690,"date":"2025-05-09T00:58:12","date_gmt":"2025-05-09T04:58:12","guid":{"rendered":"https:\/\/luismunozmarin.org\/?post_type=product&#038;p=6690"},"modified":"2025-05-09T01:07:11","modified_gmt":"2025-05-09T05:07:11","slug":"jaime-benites-y-la-internacionalizacion-de-la-universidad-de-puerto-rico","status":"publish","type":"product","link":"https:\/\/luismunozmarin.org\/en\/product\/jaime-benites-y-la-internacionalizacion-de-la-universidad-de-puerto-rico\/","title":{"rendered":"Jaime Benites y la internacionalizaci\u00f3n de la Universidad de Puerto Rico"},"content":{"rendered":"","protected":false},"excerpt":{"rendered":"<h3>Autor: Jorge Rodr\u00edguez Beruff<\/h3>\n<ul>\n<li>A\u00f1o: 2023<\/li>\n<li><strong>Luscinia C.E.<\/strong><\/li>\n<\/ul>\n<p>Desde sus inicios, la Universidad de Puerto Rico mantuvo v\u00ednculos externos, principalmente con universidades estadounidenses como la Universidad de Columbia. Sin embargo, bajo la rector\u00eda de Jaime Ben\u00edtez, estas relaciones se fortalecieron y diversificaron. A trav\u00e9s de s\u00f3lidas redes intelectuales estadounidenses, hisp\u00e1nicas y latinoamericanas, Ben\u00edtez proyect\u00f3 la instituci\u00f3n a nivel internacional de manera estrat\u00e9gica, aprovechando esos lazos para acceder a diversos recursos que apoyaron las transformaciones conocidas como la modalidad puertorrique\u00f1a de la reforma universitaria. Este estudio examina las conexiones internacionales de la Universidad de Puerto Rico a trav\u00e9s de las redes intelectuales transatl\u00e1nticas de dicha reforma, especialmente aquellas que promovieron el modelo de los Estudios Generales.<\/p>","protected":false},"featured_media":6691,"template":"","meta":{"inline_featured_image":false},"product_brand":[],"product_cat":[60],"product_tag":[],"class_list":{"0":"post-6690","1":"product","2":"type-product","3":"status-publish","4":"has-post-thumbnail","6":"product_cat-libros","7":"product_shipping_class-libros","9":"first","10":"instock","11":"purchasable","12":"product-type-simple"},"_links":{"self":[{"href":"https:\/\/luismunozmarin.org\/en\/wp-json\/wp\/v2\/product\/6690","targetHints":{"allow":["GET"]}}],"collection":[{"href":"https:\/\/luismunozmarin.org\/en\/wp-json\/wp\/v2\/product"}],"about":[{"href":"https:\/\/luismunozmarin.org\/en\/wp-json\/wp\/v2\/types\/product"}],"wp:featuredmedia":[{"embeddable":true,"href":"https:\/\/luismunozmarin.org\/en\/wp-json\/wp\/v2\/media\/6691"}],"wp:attachment":[{"href":"https:\/\/luismunozmarin.org\/en\/wp-json\/wp\/v2\/media?parent=6690"}],"wp:term":[{"taxonomy":"product_brand","embeddable":true,"href":"https:\/\/luismunozmarin.org\/en\/wp-json\/wp\/v2\/product_brand?post=6690"},{"taxonomy":"product_cat","embeddable":true,"href":"https:\/\/luismunozmarin.org\/en\/wp-json\/wp\/v2\/product_cat?post=6690"},{"taxonomy":"product_tag","embeddable":true,"href":"https:\/\/luismunozmarin.org\/en\/wp-json\/wp\/v2\/product_tag?post=6690"}],"curies":[{"name":"wp","href":"https:\/\/api.w.org\/{rel}","templated":true}]}}