{"id":6694,"date":"2025-05-09T01:15:59","date_gmt":"2025-05-09T05:15:59","guid":{"rendered":"https:\/\/luismunozmarin.org\/?post_type=product&#038;p=6694"},"modified":"2025-05-09T01:18:58","modified_gmt":"2025-05-09T05:18:58","slug":"la-linterna-magica-puerto-rico-a-traves-de-vistas-en-cristal-1834-1930","status":"publish","type":"product","link":"https:\/\/luismunozmarin.org\/en\/product\/la-linterna-magica-puerto-rico-a-traves-de-vistas-en-cristal-1834-1930\/","title":{"rendered":"La Linterna M\u00e1gica: Puerto Rico a trav\u00e9s de vistas en cristal (1834-1930)"},"content":{"rendered":"","protected":false},"excerpt":{"rendered":"<p>El libro es la m\u00e1s reciente publicaci\u00f3n de nuestra editorial FLMM y en colaboraci\u00f3n con la Editorial Luscinia. La presentadora del libro ser\u00e1 la Dra. Libia Gonz\u00e1lez L\u00f3pez (UPR).<\/p>","protected":false},"featured_media":6695,"template":"","meta":{"inline_featured_image":false},"product_brand":[],"product_cat":[60],"product_tag":[],"class_list":{"0":"post-6694","1":"product","2":"type-product","3":"status-publish","4":"has-post-thumbnail","6":"product_cat-libros","7":"product_shipping_class-libros","9":"first","10":"instock","11":"purchasable","12":"product-type-simple"},"_links":{"self":[{"href":"https:\/\/luismunozmarin.org\/en\/wp-json\/wp\/v2\/product\/6694","targetHints":{"allow":["GET"]}}],"collection":[{"href":"https:\/\/luismunozmarin.org\/en\/wp-json\/wp\/v2\/product"}],"about":[{"href":"https:\/\/luismunozmarin.org\/en\/wp-json\/wp\/v2\/types\/product"}],"wp:featuredmedia":[{"embeddable":true,"href":"https:\/\/luismunozmarin.org\/en\/wp-json\/wp\/v2\/media\/6695"}],"wp:attachment":[{"href":"https:\/\/luismunozmarin.org\/en\/wp-json\/wp\/v2\/media?parent=6694"}],"wp:term":[{"taxonomy":"product_brand","embeddable":true,"href":"https:\/\/luismunozmarin.org\/en\/wp-json\/wp\/v2\/product_brand?post=6694"},{"taxonomy":"product_cat","embeddable":true,"href":"https:\/\/luismunozmarin.org\/en\/wp-json\/wp\/v2\/product_cat?post=6694"},{"taxonomy":"product_tag","embeddable":true,"href":"https:\/\/luismunozmarin.org\/en\/wp-json\/wp\/v2\/product_tag?post=6694"}],"curies":[{"name":"wp","href":"https:\/\/api.w.org\/{rel}","templated":true}]}}